{"id":1095,"date":"2024-08-01T19:24:58","date_gmt":"2024-08-01T22:24:58","guid":{"rendered":"https:\/\/www.saxoestudio.cl\/?page_id=1095"},"modified":"2024-12-03T12:26:54","modified_gmt":"2024-12-03T15:26:54","slug":"media-2","status":"publish","type":"page","link":"https:\/\/www.saxoestudio.cl\/?page_id=1095","title":{"rendered":"Acerca de m\u00ed"},"content":{"rendered":"\t\t<div data-elementor-type=\"wp-page\" data-elementor-id=\"1095\" class=\"elementor elementor-1095\">\n\t\t\t\t<div class=\"elementor-element elementor-element-f30ed94 e-flex e-con-boxed e-con e-parent\" data-id=\"f30ed94\" data-element_type=\"container\" data-settings=\"{&quot;background_background&quot;:&quot;classic&quot;}\">\n\t\t\t\t\t<div class=\"e-con-inner\">\n\t\t<div class=\"elementor-element elementor-element-2dc4936 e-con-full e-flex e-con e-child\" data-id=\"2dc4936\" data-element_type=\"container\">\n\t\t\t\t<div class=\"elementor-element elementor-element-bd8be0a elementor-widget elementor-widget-heading\" data-id=\"bd8be0a\" data-element_type=\"widget\" data-widget_type=\"heading.default\">\n\t\t\t\t<div class=\"elementor-widget-container\">\n\t\t\t<h1 class=\"elementor-heading-title elementor-size-default\">MEDIA<\/h1>\t\t<\/div>\n\t\t\t\t<\/div>\n\t\t\t\t<div class=\"elementor-element elementor-element-eced99e elementor-widget elementor-widget-text-editor\" data-id=\"eced99e\" data-element_type=\"widget\" data-widget_type=\"text-editor.default\">\n\t\t\t\t<div class=\"elementor-widget-container\">\n\t\t\t\t\t\t\t<p>Grabaciones, sesiones de estudio, videos y proyectos.<\/p>\t\t\t\t\t\t<\/div>\n\t\t\t\t<\/div>\n\t\t\t\t<\/div>\n\t\t\t\t\t<\/div>\n\t\t\t\t<\/div>\n\t\t<div class=\"elementor-element elementor-element-55dd7bd e-flex e-con-boxed e-con e-parent\" data-id=\"55dd7bd\" data-element_type=\"container\" data-settings=\"{&quot;background_background&quot;:&quot;classic&quot;}\">\n\t\t\t\t\t<div class=\"e-con-inner\">\n\t\t\t\t<div class=\"elementor-element elementor-element-f403455 elementor-widget elementor-widget-spacer\" data-id=\"f403455\" data-element_type=\"widget\" data-widget_type=\"spacer.default\">\n\t\t\t\t<div class=\"elementor-widget-container\">\n\t\t\t\t\t<div class=\"elementor-spacer\">\n\t\t\t<div class=\"elementor-spacer-inner\"><\/div>\n\t\t<\/div>\n\t\t\t\t<\/div>\n\t\t\t\t<\/div>\n\t\t\t\t\t<\/div>\n\t\t\t\t<\/div>\n\t\t<div class=\"elementor-element elementor-element-cdb8ddc e-flex e-con-boxed e-con e-parent\" data-id=\"cdb8ddc\" data-element_type=\"container\" data-settings=\"{&quot;background_background&quot;:&quot;classic&quot;}\">\n\t\t\t\t\t<div class=\"e-con-inner\">\n\t\t<div class=\"elementor-element elementor-element-2c4572a e-con-full e-flex e-con e-child\" data-id=\"2c4572a\" data-element_type=\"container\">\n\t\t\t\t<div class=\"elementor-element elementor-element-e38c5bc elementor-widget__width-initial elementor-widget elementor-widget-text-editor\" data-id=\"e38c5bc\" data-element_type=\"widget\" data-widget_type=\"text-editor.default\">\n\t\t\t\t<div class=\"elementor-widget-container\">\n\t\t\t\t\t\t\t<h5>Durante mi carrera he incursionado en diferentes estilos musicales, desde el jazz hasta la m\u00fasica cl\u00e1sica, pasando por el rock, el funk, el R&amp;B, m\u00fasica de los 80&#8217;s y m\u00fasica latinoamericana. Desde entonces, mi inter\u00e9s para fusionar diferentes g\u00e9neros musicales me ha permitido colaborar con una amplia gama de artistas y proyectos.<\/h5>\t\t\t\t\t\t<\/div>\n\t\t\t\t<\/div>\n\t\t\t\t<\/div>\n\t\t\t\t\t<\/div>\n\t\t\t\t<\/div>\n\t\t<div class=\"elementor-element elementor-element-05f25cd e-con-full e-flex e-con e-parent\" data-id=\"05f25cd\" data-element_type=\"container\" data-settings=\"{&quot;background_background&quot;:&quot;classic&quot;}\">\n\t\t<div class=\"elementor-element elementor-element-4fb0944 e-con-full e-flex e-con e-child\" data-id=\"4fb0944\" data-element_type=\"container\">\n\t\t\t\t<div class=\"elementor-element elementor-element-fe8c279 elementor-widget elementor-widget-image\" data-id=\"fe8c279\" data-element_type=\"widget\" data-widget_type=\"image.default\">\n\t\t\t\t<div class=\"elementor-widget-container\">\n\t\t\t\t\t\t\t\t\t\t\t\t\t<img fetchpriority=\"high\" decoding=\"async\" width=\"800\" height=\"800\" src=\"https:\/\/www.saxoestudio.cl\/wp-content\/uploads\/2024\/02\/Diseno-sin-titulo-5-1024x1024.png\" class=\"attachment-large size-large wp-image-322\" alt=\"\" srcset=\"https:\/\/www.saxoestudio.cl\/wp-content\/uploads\/2024\/02\/Diseno-sin-titulo-5-1024x1024.png 1024w, https:\/\/www.saxoestudio.cl\/wp-content\/uploads\/2024\/02\/Diseno-sin-titulo-5-300x300.png 300w, https:\/\/www.saxoestudio.cl\/wp-content\/uploads\/2024\/02\/Diseno-sin-titulo-5-150x150.png 150w, https:\/\/www.saxoestudio.cl\/wp-content\/uploads\/2024\/02\/Diseno-sin-titulo-5-768x768.png 768w, https:\/\/www.saxoestudio.cl\/wp-content\/uploads\/2024\/02\/Diseno-sin-titulo-5.png 1080w\" sizes=\"(max-width: 800px) 100vw, 800px\" \/>\t\t\t\t\t\t\t\t\t\t\t\t\t<\/div>\n\t\t\t\t<\/div>\n\t\t\t\t<\/div>\n\t\t<div class=\"elementor-element elementor-element-a203703 e-con-full e-flex e-con e-child\" data-id=\"a203703\" data-element_type=\"container\">\n\t\t\t\t<div class=\"elementor-element elementor-element-c1f5b36 elementor-widget elementor-widget-image\" data-id=\"c1f5b36\" data-element_type=\"widget\" data-widget_type=\"image.default\">\n\t\t\t\t<div class=\"elementor-widget-container\">\n\t\t\t\t\t\t\t\t\t\t\t\t\t<img decoding=\"async\" width=\"800\" height=\"800\" src=\"https:\/\/www.saxoestudio.cl\/wp-content\/uploads\/2024\/01\/1-1024x1024.png\" class=\"attachment-large size-large wp-image-265\" alt=\"\" srcset=\"https:\/\/www.saxoestudio.cl\/wp-content\/uploads\/2024\/01\/1-1024x1024.png 1024w, https:\/\/www.saxoestudio.cl\/wp-content\/uploads\/2024\/01\/1-300x300.png 300w, https:\/\/www.saxoestudio.cl\/wp-content\/uploads\/2024\/01\/1-150x150.png 150w, https:\/\/www.saxoestudio.cl\/wp-content\/uploads\/2024\/01\/1-768x768.png 768w, https:\/\/www.saxoestudio.cl\/wp-content\/uploads\/2024\/01\/1.png 1080w\" sizes=\"(max-width: 800px) 100vw, 800px\" \/>\t\t\t\t\t\t\t\t\t\t\t\t\t<\/div>\n\t\t\t\t<\/div>\n\t\t\t\t<\/div>\n\t\t<div class=\"elementor-element elementor-element-03f161a e-con-full e-flex e-con e-child\" data-id=\"03f161a\" data-element_type=\"container\">\n\t\t\t\t<div class=\"elementor-element elementor-element-9f7b938 elementor-widget elementor-widget-image\" data-id=\"9f7b938\" data-element_type=\"widget\" data-widget_type=\"image.default\">\n\t\t\t\t<div class=\"elementor-widget-container\">\n\t\t\t\t\t\t\t\t\t\t\t\t\t<img decoding=\"async\" width=\"800\" height=\"800\" src=\"https:\/\/www.saxoestudio.cl\/wp-content\/uploads\/2024\/02\/P1440251-1024x1024.jpg\" class=\"attachment-large size-large wp-image-326\" alt=\"\" srcset=\"https:\/\/www.saxoestudio.cl\/wp-content\/uploads\/2024\/02\/P1440251-1024x1024.jpg 1024w, https:\/\/www.saxoestudio.cl\/wp-content\/uploads\/2024\/02\/P1440251-300x300.jpg 300w, https:\/\/www.saxoestudio.cl\/wp-content\/uploads\/2024\/02\/P1440251-150x150.jpg 150w, https:\/\/www.saxoestudio.cl\/wp-content\/uploads\/2024\/02\/P1440251-768x768.jpg 768w, https:\/\/www.saxoestudio.cl\/wp-content\/uploads\/2024\/02\/P1440251-1536x1536.jpg 1536w, https:\/\/www.saxoestudio.cl\/wp-content\/uploads\/2024\/02\/P1440251-2048x2048.jpg 2048w\" sizes=\"(max-width: 800px) 100vw, 800px\" \/>\t\t\t\t\t\t\t\t\t\t\t\t\t<\/div>\n\t\t\t\t<\/div>\n\t\t\t\t<\/div>\n\t\t\t\t<\/div>\n\t\t<div class=\"elementor-element elementor-element-97a5819 e-flex e-con-boxed e-con e-parent\" data-id=\"97a5819\" data-element_type=\"container\" data-settings=\"{&quot;background_background&quot;:&quot;classic&quot;}\">\n\t\t\t\t\t<div class=\"e-con-inner\">\n\t\t\t\t<div class=\"elementor-element elementor-element-aad1a36 elementor-widget elementor-widget-spacer\" data-id=\"aad1a36\" data-element_type=\"widget\" data-widget_type=\"spacer.default\">\n\t\t\t\t<div class=\"elementor-widget-container\">\n\t\t\t\t\t<div class=\"elementor-spacer\">\n\t\t\t<div class=\"elementor-spacer-inner\"><\/div>\n\t\t<\/div>\n\t\t\t\t<\/div>\n\t\t\t\t<\/div>\n\t\t\t\t\t<\/div>\n\t\t\t\t<\/div>\n\t\t<div class=\"elementor-element elementor-element-939aacb e-flex e-con-boxed e-con e-parent\" data-id=\"939aacb\" data-element_type=\"container\" data-settings=\"{&quot;background_background&quot;:&quot;classic&quot;}\">\n\t\t\t\t\t<div class=\"e-con-inner\">\n\t\t<div class=\"elementor-element elementor-element-c3808e5 e-con-full e-flex e-con e-child\" data-id=\"c3808e5\" data-element_type=\"container\">\n\t\t\t\t<div class=\"elementor-element elementor-element-25aa31c elementor-widget elementor-widget-html\" data-id=\"25aa31c\" data-element_type=\"widget\" data-widget_type=\"html.default\">\n\t\t\t\t<div class=\"elementor-widget-container\">\n\t\t\t<iframe style=\"border-radius:12px\" src=\"https:\/\/open.spotify.com\/embed\/album\/6RKgiUTkHvrW3lsdzNiReL?utm_source=generator\" width=\"100%\" height=\"352\" frameBorder=\"0\" allowfullscreen=\"\" allow=\"autoplay; clipboard-write; encrypted-media; fullscreen; picture-in-picture\" loading=\"lazy\"><\/iframe>\t\t<\/div>\n\t\t\t\t<\/div>\n\t\t\t\t<\/div>\n\t\t<div class=\"elementor-element elementor-element-b79fc5c e-con-full e-flex e-con e-child\" data-id=\"b79fc5c\" data-element_type=\"container\">\n\t\t\t\t<div class=\"elementor-element elementor-element-43db262 elementor-widget elementor-widget-html\" data-id=\"43db262\" data-element_type=\"widget\" data-widget_type=\"html.default\">\n\t\t\t\t<div class=\"elementor-widget-container\">\n\t\t\t<iframe style=\"border-radius:12px\" src=\"https:\/\/open.spotify.com\/embed\/artist\/0oiP0kpf6RCWRNNX71ycVs?utm_source=generator\" width=\"100%\" height=\"352\" frameBorder=\"0\" allowfullscreen=\"\" allow=\"autoplay; clipboard-write; encrypted-media; fullscreen; picture-in-picture\" loading=\"lazy\"><\/iframe>\t\t<\/div>\n\t\t\t\t<\/div>\n\t\t\t\t<\/div>\n\t\t<div class=\"elementor-element elementor-element-642d462 e-con-full e-flex e-con e-child\" data-id=\"642d462\" data-element_type=\"container\">\n\t\t\t\t<div class=\"elementor-element elementor-element-2b39a40 elementor-widget elementor-widget-html\" data-id=\"2b39a40\" data-element_type=\"widget\" data-widget_type=\"html.default\">\n\t\t\t\t<div class=\"elementor-widget-container\">\n\t\t\t<iframe style=\"border-radius:12px\" src=\"https:\/\/open.spotify.com\/embed\/album\/7iLO0bd5HGd6cO09zD6nEQ?si=m-0MiqNMQq-Ouis1qr84mw?utm_source=generator\" width=\"100%\" height=\"352\" frameBorder=\"0\" allowfullscreen=\"\" allow=\"autoplay; clipboard-write; encrypted-media; fullscreen; picture-in-picture\" loading=\"lazy\"><\/iframe>\t\t<\/div>\n\t\t\t\t<\/div>\n\t\t\t\t<\/div>\n\t\t\t\t\t<\/div>\n\t\t\t\t<\/div>\n\t\t<div class=\"elementor-element elementor-element-98c7150 e-flex e-con-boxed e-con e-parent\" data-id=\"98c7150\" data-element_type=\"container\" data-settings=\"{&quot;background_background&quot;:&quot;classic&quot;}\">\n\t\t\t\t\t<div class=\"e-con-inner\">\n\t\t\t\t<div class=\"elementor-element elementor-element-189e46d elementor-widget elementor-widget-spacer\" data-id=\"189e46d\" data-element_type=\"widget\" data-widget_type=\"spacer.default\">\n\t\t\t\t<div class=\"elementor-widget-container\">\n\t\t\t\t\t<div class=\"elementor-spacer\">\n\t\t\t<div class=\"elementor-spacer-inner\"><\/div>\n\t\t<\/div>\n\t\t\t\t<\/div>\n\t\t\t\t<\/div>\n\t\t\t\t\t<\/div>\n\t\t\t\t<\/div>\n\t\t<div class=\"elementor-element elementor-element-1a1dac9 e-flex e-con-boxed e-con e-parent\" data-id=\"1a1dac9\" data-element_type=\"container\" data-settings=\"{&quot;background_background&quot;:&quot;classic&quot;}\">\n\t\t\t\t\t<div class=\"e-con-inner\">\n\t\t<div class=\"elementor-element elementor-element-fcc352b e-con-full e-flex e-con e-child\" data-id=\"fcc352b\" data-element_type=\"container\">\n\t\t\t\t<div class=\"elementor-element elementor-element-376db11 elementor-widget elementor-widget-video\" data-id=\"376db11\" data-element_type=\"widget\" data-settings=\"{&quot;youtube_url&quot;:&quot;https:\\\/\\\/www.youtube.com\\\/watch?v=5EXgXktb_5Q&amp;pp=ygURbGEgY2hpbGUgYmlnIGJhbmQ%3D&quot;,&quot;video_type&quot;:&quot;youtube&quot;,&quot;controls&quot;:&quot;yes&quot;}\" data-widget_type=\"video.default\">\n\t\t\t\t<div class=\"elementor-widget-container\">\n\t\t\t\t\t<div class=\"elementor-wrapper elementor-open-inline\">\n\t\t\t<div class=\"elementor-video\"><\/div>\t\t<\/div>\n\t\t\t\t<\/div>\n\t\t\t\t<\/div>\n\t\t\t\t<\/div>\n\t\t<div class=\"elementor-element elementor-element-198f3bd e-con-full e-flex e-con e-child\" data-id=\"198f3bd\" data-element_type=\"container\">\n\t\t\t\t<div class=\"elementor-element elementor-element-a7ad29e elementor-widget elementor-widget-video\" data-id=\"a7ad29e\" data-element_type=\"widget\" data-settings=\"{&quot;youtube_url&quot;:&quot;https:\\\/\\\/www.youtube.com\\\/watch?v=bpJkmSGLSfI&amp;pp=ygURbGEgY2hpbGUgYmlnIGJhbmQ%3D&quot;,&quot;video_type&quot;:&quot;youtube&quot;,&quot;controls&quot;:&quot;yes&quot;}\" data-widget_type=\"video.default\">\n\t\t\t\t<div class=\"elementor-widget-container\">\n\t\t\t\t\t<div class=\"elementor-wrapper elementor-open-inline\">\n\t\t\t<div class=\"elementor-video\"><\/div>\t\t<\/div>\n\t\t\t\t<\/div>\n\t\t\t\t<\/div>\n\t\t\t\t<\/div>\n\t\t<div class=\"elementor-element elementor-element-bd46a62 e-con-full e-flex e-con e-child\" data-id=\"bd46a62\" data-element_type=\"container\">\n\t\t\t\t<div class=\"elementor-element elementor-element-c42f3f3 elementor-widget elementor-widget-video\" data-id=\"c42f3f3\" data-element_type=\"widget\" data-settings=\"{&quot;youtube_url&quot;:&quot;https:\\\/\\\/www.youtube.com\\\/watch?v=LOvKTwQoaCI&amp;pp=ygUYbGEgY2hpbGUgYmlnIGJhbmQgcGFyaWFo&quot;,&quot;video_type&quot;:&quot;youtube&quot;,&quot;controls&quot;:&quot;yes&quot;}\" data-widget_type=\"video.default\">\n\t\t\t\t<div class=\"elementor-widget-container\">\n\t\t\t\t\t<div class=\"elementor-wrapper elementor-open-inline\">\n\t\t\t<div class=\"elementor-video\"><\/div>\t\t<\/div>\n\t\t\t\t<\/div>\n\t\t\t\t<\/div>\n\t\t\t\t<\/div>\n\t\t\t\t\t<\/div>\n\t\t\t\t<\/div>\n\t\t<div class=\"elementor-element elementor-element-65bf412 e-flex e-con-boxed e-con e-parent\" data-id=\"65bf412\" data-element_type=\"container\" data-settings=\"{&quot;background_background&quot;:&quot;classic&quot;}\">\n\t\t\t\t\t<div class=\"e-con-inner\">\n\t\t\t\t<div class=\"elementor-element elementor-element-9548f0c elementor-widget elementor-widget-spacer\" data-id=\"9548f0c\" data-element_type=\"widget\" data-widget_type=\"spacer.default\">\n\t\t\t\t<div class=\"elementor-widget-container\">\n\t\t\t\t\t<div class=\"elementor-spacer\">\n\t\t\t<div class=\"elementor-spacer-inner\"><\/div>\n\t\t<\/div>\n\t\t\t\t<\/div>\n\t\t\t\t<\/div>\n\t\t\t\t\t<\/div>\n\t\t\t\t<\/div>\n\t\t<div class=\"elementor-element elementor-element-844c80a e-flex e-con-boxed e-con e-parent\" data-id=\"844c80a\" data-element_type=\"container\" data-settings=\"{&quot;background_background&quot;:&quot;classic&quot;}\">\n\t\t\t\t\t<div class=\"e-con-inner\">\n\t\t\t\t<div class=\"elementor-element elementor-element-0c81ad0 elementor-widget elementor-widget-heading\" data-id=\"0c81ad0\" data-element_type=\"widget\" data-widget_type=\"heading.default\">\n\t\t\t\t<div class=\"elementor-widget-container\">\n\t\t\t<h4 class=\"elementor-heading-title elementor-size-default\">Tambi\u00e9n me puedes escuchar AQU\u00cd<\/h4>\t\t<\/div>\n\t\t\t\t<\/div>\n\t\t\t\t\t<\/div>\n\t\t\t\t<\/div>\n\t\t<div class=\"elementor-element elementor-element-4ec679e e-flex e-con-boxed e-con e-parent\" data-id=\"4ec679e\" data-element_type=\"container\" data-settings=\"{&quot;background_background&quot;:&quot;classic&quot;}\">\n\t\t\t\t\t<div class=\"e-con-inner\">\n\t\t<div class=\"elementor-element elementor-element-1ca16ff e-con-full e-flex e-con e-child\" data-id=\"1ca16ff\" data-element_type=\"container\" data-settings=\"{&quot;background_background&quot;:&quot;classic&quot;}\">\n\t\t\t\t<div class=\"elementor-element elementor-element-17e9808 elementor-widget elementor-widget-html\" data-id=\"17e9808\" data-element_type=\"widget\" data-widget_type=\"html.default\">\n\t\t\t\t<div class=\"elementor-widget-container\">\n\t\t\t<iframe style=\"border-radius:12px\" src=\"https:\/\/open.spotify.com\/embed\/album\/3UYVTpCc9XKfkc5xv3edTT?utm_source=generator\" width=\"100%\" height=\"352\" frameBorder=\"0\" allowfullscreen=\"\" allow=\"autoplay; clipboard-write; encrypted-media; fullscreen; picture-in-picture\" loading=\"lazy\"><\/iframe>\t\t<\/div>\n\t\t\t\t<\/div>\n\t\t\t\t<\/div>\n\t\t<div class=\"elementor-element elementor-element-c08b559 e-con-full e-flex e-con e-child\" data-id=\"c08b559\" data-element_type=\"container\" data-settings=\"{&quot;background_background&quot;:&quot;classic&quot;}\">\n\t\t\t\t<div class=\"elementor-element elementor-element-0f9f33b elementor-widget elementor-widget-html\" data-id=\"0f9f33b\" data-element_type=\"widget\" data-widget_type=\"html.default\">\n\t\t\t\t<div class=\"elementor-widget-container\">\n\t\t\t<iframe style=\"border-radius:12px\" src=\"https:\/\/open.spotify.com\/embed\/track\/3KYE8XiraR8cED24o4oz2M?utm_source=generator\" width=\"100%\" height=\"352\" frameBorder=\"0\" allowfullscreen=\"\" allow=\"autoplay; clipboard-write; encrypted-media; fullscreen; picture-in-picture\" loading=\"lazy\"><\/iframe>\t\t<\/div>\n\t\t\t\t<\/div>\n\t\t\t\t<\/div>\n\t\t<div class=\"elementor-element elementor-element-e4ccbe5 e-con-full e-flex e-con e-child\" data-id=\"e4ccbe5\" data-element_type=\"container\" data-settings=\"{&quot;background_background&quot;:&quot;classic&quot;}\">\n\t\t\t\t<div class=\"elementor-element elementor-element-8fdf00c elementor-widget elementor-widget-html\" data-id=\"8fdf00c\" data-element_type=\"widget\" data-widget_type=\"html.default\">\n\t\t\t\t<div class=\"elementor-widget-container\">\n\t\t\t<iframe style=\"border-radius:12px\" src=\"https:\/\/open.spotify.com\/embed\/album\/5YvwidmXsbuxEQZGJE8qr0?utm_source=generator\" width=\"100%\" height=\"352\" frameBorder=\"0\" allowfullscreen=\"\" allow=\"autoplay; clipboard-write; encrypted-media; fullscreen; picture-in-picture\" loading=\"lazy\"><\/iframe>\t\t<\/div>\n\t\t\t\t<\/div>\n\t\t\t\t<\/div>\n\t\t\t\t\t<\/div>\n\t\t\t\t<\/div>\n\t\t\t\t<\/div>\n\t\t","protected":false},"excerpt":{"rendered":"<p>MEDIA Grabaciones, sesiones de estudio, videos y proyectos. Durante mi carrera he incursionado en diferentes estilos musicales, desde el jazz hasta la m\u00fasica cl\u00e1sica, pasando por el rock, el funk, el R&amp;B, m\u00fasica de los 80&#8217;s y m\u00fasica latinoamericana. Desde entonces, mi inter\u00e9s para fusionar diferentes g\u00e9neros musicales me ha permitido colaborar con una amplia [&hellip;]<\/p>\n","protected":false},"author":1,"featured_media":0,"parent":0,"menu_order":0,"comment_status":"closed","ping_status":"closed","template":"","meta":{"footnotes":""},"class_list":["post-1095","page","type-page","status-publish","hentry"],"_links":{"self":[{"href":"https:\/\/www.saxoestudio.cl\/index.php?rest_route=\/wp\/v2\/pages\/1095","targetHints":{"allow":["GET"]}}],"collection":[{"href":"https:\/\/www.saxoestudio.cl\/index.php?rest_route=\/wp\/v2\/pages"}],"about":[{"href":"https:\/\/www.saxoestudio.cl\/index.php?rest_route=\/wp\/v2\/types\/page"}],"author":[{"embeddable":true,"href":"https:\/\/www.saxoestudio.cl\/index.php?rest_route=\/wp\/v2\/users\/1"}],"replies":[{"embeddable":true,"href":"https:\/\/www.saxoestudio.cl\/index.php?rest_route=%2Fwp%2Fv2%2Fcomments&post=1095"}],"version-history":[{"count":29,"href":"https:\/\/www.saxoestudio.cl\/index.php?rest_route=\/wp\/v2\/pages\/1095\/revisions"}],"predecessor-version":[{"id":2068,"href":"https:\/\/www.saxoestudio.cl\/index.php?rest_route=\/wp\/v2\/pages\/1095\/revisions\/2068"}],"wp:attachment":[{"href":"https:\/\/www.saxoestudio.cl\/index.php?rest_route=%2Fwp%2Fv2%2Fmedia&parent=1095"}],"curies":[{"name":"wp","href":"https:\/\/api.w.org\/{rel}","templated":true}]}}